{"id":20,"date":"2019-08-20T12:11:24","date_gmt":"2019-08-20T10:11:24","guid":{"rendered":"http:\/\/mareeba.pl\/site\/?page_id=20"},"modified":"2025-06-12T11:46:21","modified_gmt":"2025-06-12T09:46:21","slug":"o-nas","status":"publish","type":"page","link":"https:\/\/mareeba.pl\/site\/?page_id=20","title":{"rendered":"O Mareeba"},"content":{"rendered":"\t\t<div data-elementor-type=\"wp-post\" data-elementor-id=\"20\" class=\"elementor elementor-20\" data-elementor-settings=\"[]\">\n\t\t\t\t\t\t<div class=\"elementor-inner\">\n\t\t\t\t\t\t\t<div class=\"elementor-section-wrap\">\n\t\t\t\t\t\t\t<section class=\"elementor-section elementor-top-section elementor-element elementor-element-3a66b2e9 elementor-section-stretched elementor-section-full_width elementor-section-height-default elementor-section-height-default elementor-invisible\" data-id=\"3a66b2e9\" data-element_type=\"section\" data-settings=\"{&quot;stretch_section&quot;:&quot;section-stretched&quot;,&quot;animation&quot;:&quot;fadeIn&quot;,&quot;shape_divider_bottom&quot;:&quot;opacity-tilt&quot;}\">\n\t\t\t\t\t<div class=\"elementor-shape elementor-shape-bottom\" data-negative=\"false\">\n\t\t\t<svg xmlns=\"http:\/\/www.w3.org\/2000\/svg\" viewBox=\"0 0 2600 131.1\" preserveAspectRatio=\"none\">\n\t<path class=\"elementor-shape-fill\" d=\"M0 0L2600 0 2600 69.1 0 0z\"\/>\n\t<path class=\"elementor-shape-fill\" style=\"opacity:0.5\" d=\"M0 0L2600 0 2600 69.1 0 69.1z\"\/>\n\t<path class=\"elementor-shape-fill\" style=\"opacity:0.25\" d=\"M2600 0L0 0 0 130.1 2600 69.1z\"\/>\n<\/svg>\t\t<\/div>\n\t\t\t\t\t<div class=\"elementor-container elementor-column-gap-default\">\n\t\t\t\t\t\t\t<div class=\"elementor-row\">\n\t\t\t\t\t<div class=\"elementor-column elementor-col-100 elementor-top-column elementor-element elementor-element-44bc8779\" data-id=\"44bc8779\" data-element_type=\"column\">\n\t\t\t<div class=\"elementor-column-wrap elementor-element-populated\">\n\t\t\t\t\t\t\t<div class=\"elementor-widget-wrap\">\n\t\t\t\t\t\t<div class=\"elementor-element elementor-element-49713c91 elementor-invisible elementor-widget elementor-widget-text-editor\" data-id=\"49713c91\" data-element_type=\"widget\" data-settings=\"{&quot;_animation&quot;:&quot;none&quot;}\" data-widget_type=\"text-editor.default\">\n\t\t\t\t<div class=\"elementor-widget-container\">\n\t\t\t\t\t<div class=\"elementor-text-editor elementor-clearfix\"><h1 style=\"text-align: center;\"><span style=\"color: #000000;\"><span style=\"color: #993300;\"><b><span style=\"color: #000000;\">O Mareeba<\/span><\/b><\/span><\/span><\/h1><\/div>\n\t\t\t\t<\/div>\n\t\t\t\t<\/div>\n\t\t\t\t\t\t<\/div>\n\t\t\t\t\t<\/div>\n\t\t<\/div>\n\t\t\t\t\t\t\t\t<\/div>\n\t\t\t\t\t<\/div>\n\t\t<\/section>\n\t\t\t\t<section class=\"elementor-section elementor-top-section elementor-element elementor-element-11b558e elementor-section-boxed elementor-section-height-default elementor-section-height-default elementor-invisible\" data-id=\"11b558e\" data-element_type=\"section\" data-settings=\"{&quot;animation&quot;:&quot;fadeInUp&quot;}\">\n\t\t\t\t\t\t<div class=\"elementor-container elementor-column-gap-default\">\n\t\t\t\t\t\t\t<div class=\"elementor-row\">\n\t\t\t\t\t<div class=\"elementor-column elementor-col-33 elementor-top-column elementor-element elementor-element-bb0b39b\" data-id=\"bb0b39b\" data-element_type=\"column\">\n\t\t\t<div class=\"elementor-column-wrap elementor-element-populated\">\n\t\t\t\t\t\t\t<div class=\"elementor-widget-wrap\">\n\t\t\t\t\t\t<div class=\"elementor-element elementor-element-a89fd8c elementor-widget elementor-widget-image\" data-id=\"a89fd8c\" data-element_type=\"widget\" data-widget_type=\"image.default\">\n\t\t\t\t<div class=\"elementor-widget-container\">\n\t\t\t\t\t<div class=\"elementor-image\">\n\t\t\t\t\t\t\t\t\t\t\t<a href=\"http:\/\/mareeba.pl\/site\/wp-content\/uploads\/2019\/08\/o-nas-3.png\" data-elementor-open-lightbox=\"yes\" data-elementor-lightbox-title=\"O nas\">\n\t\t\t\t\t\t\t<img width=\"568\" height=\"364\" src=\"https:\/\/mareeba.pl\/site\/wp-content\/uploads\/2019\/08\/o-nas-3.png\" class=\"attachment-full size-full\" alt=\"Mareeba.pl\" loading=\"lazy\" srcset=\"https:\/\/mareeba.pl\/site\/wp-content\/uploads\/2019\/08\/o-nas-3.png 568w, https:\/\/mareeba.pl\/site\/wp-content\/uploads\/2019\/08\/o-nas-3-300x192.png 300w\" sizes=\"100vw\" \/>\t\t\t\t\t\t\t\t<\/a>\n\t\t\t\t\t\t\t\t\t\t\t<\/div>\n\t\t\t\t<\/div>\n\t\t\t\t<\/div>\n\t\t\t\t<div class=\"elementor-element elementor-element-38a1f23 elementor-widget elementor-widget-image\" data-id=\"38a1f23\" data-element_type=\"widget\" data-widget_type=\"image.default\">\n\t\t\t\t<div class=\"elementor-widget-container\">\n\t\t\t\t\t<div class=\"elementor-image\">\n\t\t\t\t\t\t\t\t\t\t\t<a href=\"http:\/\/mareeba.pl\/site\/wp-content\/uploads\/2019\/08\/o-nas-2.png\" data-elementor-open-lightbox=\"yes\" data-elementor-lightbox-title=\"O nas\">\n\t\t\t\t\t\t\t<img width=\"545\" height=\"458\" src=\"https:\/\/mareeba.pl\/site\/wp-content\/uploads\/2019\/08\/o-nas-2.png\" class=\"attachment-full size-full\" alt=\"Mareeba.pl\" loading=\"lazy\" srcset=\"https:\/\/mareeba.pl\/site\/wp-content\/uploads\/2019\/08\/o-nas-2.png 545w, https:\/\/mareeba.pl\/site\/wp-content\/uploads\/2019\/08\/o-nas-2-300x252.png 300w\" sizes=\"100vw\" \/>\t\t\t\t\t\t\t\t<\/a>\n\t\t\t\t\t\t\t\t\t\t\t<\/div>\n\t\t\t\t<\/div>\n\t\t\t\t<\/div>\n\t\t\t\t<div class=\"elementor-element elementor-element-558892f elementor-widget elementor-widget-image\" data-id=\"558892f\" data-element_type=\"widget\" data-widget_type=\"image.default\">\n\t\t\t\t<div class=\"elementor-widget-container\">\n\t\t\t\t\t<div class=\"elementor-image\">\n\t\t\t\t\t\t\t\t\t\t<img width=\"525\" height=\"525\" src=\"https:\/\/mareeba.pl\/site\/wp-content\/uploads\/2022\/02\/LOGO-png-1024x1024.png\" class=\"attachment-large size-large\" alt=\"\" loading=\"lazy\" srcset=\"https:\/\/mareeba.pl\/site\/wp-content\/uploads\/2022\/02\/LOGO-png-1024x1024.png 1024w, https:\/\/mareeba.pl\/site\/wp-content\/uploads\/2022\/02\/LOGO-png-300x300.png 300w, https:\/\/mareeba.pl\/site\/wp-content\/uploads\/2022\/02\/LOGO-png-150x150.png 150w, https:\/\/mareeba.pl\/site\/wp-content\/uploads\/2022\/02\/LOGO-png-768x768.png 768w, https:\/\/mareeba.pl\/site\/wp-content\/uploads\/2022\/02\/LOGO-png-1536x1536.png 1536w, https:\/\/mareeba.pl\/site\/wp-content\/uploads\/2022\/02\/LOGO-png-2048x2048.png 2048w, https:\/\/mareeba.pl\/site\/wp-content\/uploads\/2022\/02\/LOGO-png-100x100.png 100w\" sizes=\"100vw\" \/>\t\t\t\t\t\t\t\t\t\t\t<\/div>\n\t\t\t\t<\/div>\n\t\t\t\t<\/div>\n\t\t\t\t<div class=\"elementor-element elementor-element-0d3a761 elementor-widget elementor-widget-image\" data-id=\"0d3a761\" data-element_type=\"widget\" data-widget_type=\"image.default\">\n\t\t\t\t<div class=\"elementor-widget-container\">\n\t\t\t\t\t<div class=\"elementor-image\">\n\t\t\t\t\t\t\t\t\t\t\t<a href=\"http:\/\/mareeba.pl\/site\/wp-content\/uploads\/2019\/09\/stajenka.jpg\" data-elementor-open-lightbox=\"yes\" data-elementor-lightbox-title=\"stajenka\">\n\t\t\t\t\t\t\t<img width=\"525\" height=\"787\" src=\"https:\/\/mareeba.pl\/site\/wp-content\/uploads\/2019\/09\/stajenka-683x1024.jpg\" class=\"attachment-large size-large\" alt=\"\" loading=\"lazy\" srcset=\"https:\/\/mareeba.pl\/site\/wp-content\/uploads\/2019\/09\/stajenka-683x1024.jpg 683w, https:\/\/mareeba.pl\/site\/wp-content\/uploads\/2019\/09\/stajenka-200x300.jpg 200w, https:\/\/mareeba.pl\/site\/wp-content\/uploads\/2019\/09\/stajenka.jpg 720w\" sizes=\"100vw\" \/>\t\t\t\t\t\t\t\t<\/a>\n\t\t\t\t\t\t\t\t\t\t\t<\/div>\n\t\t\t\t<\/div>\n\t\t\t\t<\/div>\n\t\t\t\t\t\t<\/div>\n\t\t\t\t\t<\/div>\n\t\t<\/div>\n\t\t\t\t<div class=\"elementor-column elementor-col-66 elementor-top-column elementor-element elementor-element-dec355b\" data-id=\"dec355b\" data-element_type=\"column\">\n\t\t\t<div class=\"elementor-column-wrap elementor-element-populated\">\n\t\t\t\t\t\t\t<div class=\"elementor-widget-wrap\">\n\t\t\t\t\t\t<div class=\"elementor-element elementor-element-7b75758 elementor-widget elementor-widget-text-editor\" data-id=\"7b75758\" data-element_type=\"widget\" data-widget_type=\"text-editor.default\">\n\t\t\t\t<div class=\"elementor-widget-container\">\n\t\t\t\t\t<div class=\"elementor-text-editor elementor-clearfix\"><h1 class=\"p1\"><strong>Witamy w Mareeba!<\/strong><\/h1><p class=\"p1\">Mareeba to ma\u0142e miasteczko po\u0142o\u017cone w tropikalnej cz\u0119\u015bci Australii, na Far North Queensland, z 300 s\u0142onecznymi dniami w roku. Nie, niestety ju\u017c tam nie mieszkamy, ale staramy si\u0119 przenie\u015b\u0107 elementy tego raju na nasze rancho na Jurze.<\/p><p class=\"p1\">Australijska Mareeba to miejsce, w kt\u00f3rym sp\u0119dzi\u0142am najszcz\u0119\u015bliwszy czas w moim \u017cyciu i gdzie \u017cyj\u0105 wa\u017cni dla mnie ludzie. Ostateczna decyzja o opuszczeniu na zawsze tego zak\u0105tka \u015bwiata i zamieszkaniu na sta\u0142e w Polsce by\u0142a prawdopodobnie najtrudniejsz\u0105 w moim \u017cyciu. Chcia\u0142am zabra\u0107 ze sob\u0105 co\u015b typowo australijskiego, aby czu\u0107 si\u0119 jak w domu, wi\u0119c kupi\u0142am Aussie !!! \ud83d\ude42<\/p><p class=\"p1\">Planowa\u0142am zakup psa tam, na czerwonym l\u0105dzie, ale porzuci\u0142am ten pomys\u0142, poniewa\u017c owczarki australijskie w Australii albo s\u0105 liniami \u201eshow\u201d importowanymi z Czech (wi\u0119c lepiej wybra\u0107 hodowl\u0119 bli\u017cej i oszcz\u0119dzi\u0107 psu lotu), albo liniami \u201ework\u201d, kt\u00f3re to psy NAPRAWD\u0118 musz\u0105 mie\u0107 zadania wype\u0142niaj\u0105ce ca\u0142y dzie\u0144. Nie przystosowa\u0142yby si\u0119 do \u017cycia w mie\u015bcie z weekendowymi wyjazdami na\u00a0 sesje pasterskie. Australijskie Aussie, ACD i kelpie s\u0105 bardzo zr\u00f3wnowa\u017conymi psami rodzinnymi i po\u0142o\u017c\u0105 si\u0119 wieczorem na werandzie u Twoich st\u00f3p i zasn\u0105, ale pod warunkiem, \u017ce maj\u0105 za sob\u0105 dziesi\u0105tki kilometr\u00f3w \u201ew \u0142apach\u201d i ich umys\u0142 by\u0142 zaj\u0119ty pasieniem przez ca\u0142y dzie\u0144.<\/p><p class=\"p1\">Polska Mareeba powsta\u0142a w 2016 roku \u2013 kupili\u015bmy wtedy naszego pierwszego psa i ziemi\u0119. Ka\u017cdego roku pojawia si\u0119\u00a0 u nas jeden lub dw\u00f3ch kolejnych czworonogich mieszka\u0144c\u00f3w. W tym roku by\u0142y to k\u00f3zki anglonubijskie \u2013 Ana i Anabell (nazywana popularnie Bambi, bo wygl\u0105da jak ma\u0142a serenka).<\/p><p class=\"p1\">Hodowla owczark\u00f3w australijskich jest najwi\u0119kszym wyzwaniem, jakie podj\u0119li\u015bmy i jeste\u015bmy \u015bwiadomi odpowiedzialno\u015bci, kt\u00f3ra jest nieod\u0142\u0105czn\u0105 cz\u0119\u015bci\u0105 programu hodowlanego.<\/p><p class=\"p1\">Raz w roku pojawia si\u0119 u nas nowy miot, i po dw\u00f3ch miesi\u0105cach kt\u00f3re s\u0105 ca\u0142kowicie po\u015bwi\u0119cone pracy ze szczeniakami i zapewnieniu im zdrowego startu mamy nadziej\u0119 pozosta\u0107 w kontakcie z nimi i ich przysz\u0142ymi rodzinami przez ca\u0142e \u017cycie. Dlatego wyb\u00f3r odpowiedniego domu dla ka\u017cdego szczeni\u0119cia, a tak\u017ce decyzja, czy podzielamy z potencjalnymi w\u0142a\u015bcicielami podobne warto\u015bci w kwestii podej\u015bcia do zwierz\u0105t, s\u0105 dla nas kluczowe.<\/p><p class=\"p1\">Je\u015bli maj\u0105 Pa\u0144stwo jakie\u015b pytania dotycz\u0105ce rasy lub chcieliby Pa\u0144stwo zosta\u0107 w\u0142a\u015bcicielami szczeniaka z Mareeba Bushland \u2013 zapraszamy do kontaktu. Staramy si\u0119, aby szczeniaki u nas wyhodowane by\u0142y jak najbardziej uniwersalne \u2013 o umiarkowanym drive\u2019ie, aby ich temperament i ch\u0119\u0107 do pracy nie uniemo\u017cliwia\u0142y odnalezienia si\u0119 w rodzinie mieszkaj\u0105cej w mie\u015bcie. Jednak w ka\u017cdym miocie znajdzie si\u0119 szczeni\u0119, dla kt\u00f3rego b\u0119dziemy preferowali dom, gdzie b\u0119dzie mo\u017cliwo\u015b\u0107 codziennej pracy pasterskiej.<\/p><p class=\"p1\">Cho\u0107 rozumiemy urok niebieskich oczek i obecn\u0105 mod\u0119 na szczeniaczki o ubarwieniu merle, zalecamy, aby dobrze przemy\u015ble\u0107 wyb\u00f3r rasy i jej przeznaczenie i nie decydowa\u0107 si\u0119 na ras\u0119 ze wzgl\u0119du na urod\u0119 Aussie.\u00a0 Na pewno nie jest to pies dla ka\u017cdego cho\u0107 pod jego urokiem jest wi\u0119kszo\u015b\u0107 mi\u0142o\u015bnik\u00f3w czworonog\u00f3w. \u017belazn\u0105 cech\u0105 osobowo\u015bci, kt\u00f3r\u0105 musi posiada\u0107 przewodnik Aussie jest KONSWKWENCJA. Bardzo pomaga te\u017c stanowczy ton g\u0142osu i postawa lidera &#8211; zadajmy sobie pytanie czy umiemy by\u0107 alf\u0105, przewodnikiem, kt\u00f3ry w pewnych sytuacjach przekona swojego podopiecznego, \u017ce jednak b\u0119dziemy realizowa\u0107 inny plan, ni\u017c szczeni\u0119cy m\u00f3zg zaplanowa\u0142:).<\/p><p class=\"p1\">Je\u017celi po przeczytaniu dost\u0119pnych informacji o rasie w poradnikach, obejrzeniu wielu film\u00f3w na YouTube i poznaniu kilku przedstawicieli rasy nadal Pa\u0144stwo s\u0105 pewni, i\u017c chcecie kolejnych 10-15 lat sp\u0119dzi\u0107 z Aussie przy boku \u2013 bardzo si\u0119 cieszymy, \u017ce zdecydowali\u015bcie si\u0119 do\u0142\u0105czy\u0107 do w\u0142a\u015bcicieli najinteligentniejszej rasy \u015bwiata.<\/p><p class=\"p1\">W zak\u0142adce MIOTY mo\u017cna podpatrzy\u0107 jak obecnie wygl\u0105daj\u0105 i czym si\u0119 zajmuj\u0105 wyhodowane przez nas pieski, a w zak\u0142adce\u00a0 KONTAKT znajda Pa\u0144stwo nasze dane teleadresowe.<\/p><\/div>\n\t\t\t\t<\/div>\n\t\t\t\t<\/div>\n\t\t\t\t\t\t<\/div>\n\t\t\t\t\t<\/div>\n\t\t<\/div>\n\t\t\t\t\t\t\t\t<\/div>\n\t\t\t\t\t<\/div>\n\t\t<\/section>\n\t\t\t\t<section class=\"elementor-section elementor-top-section elementor-element elementor-element-ff4528e elementor-hidden-tablet elementor-hidden-phone elementor-section-boxed elementor-section-height-default elementor-section-height-default\" data-id=\"ff4528e\" data-element_type=\"section\">\n\t\t\t\t\t\t<div class=\"elementor-container elementor-column-gap-default\">\n\t\t\t\t\t\t\t<div class=\"elementor-row\">\n\t\t\t\t\t<div class=\"elementor-column elementor-col-100 elementor-top-column elementor-element elementor-element-95d9661\" data-id=\"95d9661\" data-element_type=\"column\">\n\t\t\t<div class=\"elementor-column-wrap elementor-element-populated\">\n\t\t\t\t\t\t\t<div class=\"elementor-widget-wrap\">\n\t\t\t\t\t\t<div class=\"elementor-element elementor-element-baab61a elementor-widget elementor-widget-text-editor\" data-id=\"baab61a\" data-element_type=\"widget\" data-widget_type=\"text-editor.default\">\n\t\t\t\t<div class=\"elementor-widget-container\">\n\t\t\t\t\t<div class=\"elementor-text-editor elementor-clearfix\"><div><\/div><\/div>\n\t\t\t\t<\/div>\n\t\t\t\t<\/div>\n\t\t\t\t\t\t<\/div>\n\t\t\t\t\t<\/div>\n\t\t<\/div>\n\t\t\t\t\t\t\t\t<\/div>\n\t\t\t\t\t<\/div>\n\t\t<\/section>\n\t\t\t\t<section class=\"elementor-section elementor-top-section elementor-element elementor-element-39283cc elementor-hidden-desktop elementor-section-boxed elementor-section-height-default elementor-section-height-default\" data-id=\"39283cc\" data-element_type=\"section\">\n\t\t\t\t\t\t<div class=\"elementor-container elementor-column-gap-default\">\n\t\t\t\t\t\t\t<div class=\"elementor-row\">\n\t\t\t\t\t<div class=\"elementor-column elementor-col-100 elementor-top-column elementor-element elementor-element-ff0b08a\" data-id=\"ff0b08a\" data-element_type=\"column\">\n\t\t\t<div class=\"elementor-column-wrap elementor-element-populated\">\n\t\t\t\t\t\t\t<div class=\"elementor-widget-wrap\">\n\t\t\t\t\t\t<div class=\"elementor-element elementor-element-d356682 elementor-widget elementor-widget-text-editor\" data-id=\"d356682\" data-element_type=\"widget\" data-widget_type=\"text-editor.default\">\n\t\t\t\t<div class=\"elementor-widget-container\">\n\t\t\t\t\t<div class=\"elementor-text-editor elementor-clearfix\"><div><\/div><\/div>\n\t\t\t\t<\/div>\n\t\t\t\t<\/div>\n\t\t\t\t\t\t<\/div>\n\t\t\t\t\t<\/div>\n\t\t<\/div>\n\t\t\t\t\t\t\t\t<\/div>\n\t\t\t\t\t<\/div>\n\t\t<\/section>\n\t\t\t\t\t\t<\/div>\n\t\t\t\t\t\t<\/div>\n\t\t\t\t\t<\/div>\n\t\t","protected":false},"excerpt":{"rendered":"<p>O Mareeba Witamy w Mareeba! Mareeba to ma\u0142e miasteczko po\u0142o\u017cone w tropikalnej cz\u0119\u015bci Australii, na Far North Queensland, z 300 s\u0142onecznymi dniami w roku. Nie, niestety ju\u017c tam nie mieszkamy, ale staramy si\u0119 przenie\u015b\u0107 elementy tego raju na nasze rancho na Jurze. Australijska Mareeba to miejsce, w kt\u00f3rym sp\u0119dzi\u0142am najszcz\u0119\u015bliwszy czas w moim \u017cyciu i &hellip; <\/p>\n<p class=\"link-more\"><a href=\"https:\/\/mareeba.pl\/site\/?page_id=20\" class=\"more-link\">Czytaj dalej<span class=\"screen-reader-text\"> O Mareeba<\/span><\/a><\/p>\n","protected":false},"author":1,"featured_media":0,"parent":0,"menu_order":0,"comment_status":"closed","ping_status":"closed","template":"elementor_header_footer","meta":[],"_links":{"self":[{"href":"https:\/\/mareeba.pl\/site\/index.php?rest_route=\/wp\/v2\/pages\/20"}],"collection":[{"href":"https:\/\/mareeba.pl\/site\/index.php?rest_route=\/wp\/v2\/pages"}],"about":[{"href":"https:\/\/mareeba.pl\/site\/index.php?rest_route=\/wp\/v2\/types\/page"}],"author":[{"embeddable":true,"href":"https:\/\/mareeba.pl\/site\/index.php?rest_route=\/wp\/v2\/users\/1"}],"replies":[{"embeddable":true,"href":"https:\/\/mareeba.pl\/site\/index.php?rest_route=%2Fwp%2Fv2%2Fcomments&post=20"}],"version-history":[{"count":64,"href":"https:\/\/mareeba.pl\/site\/index.php?rest_route=\/wp\/v2\/pages\/20\/revisions"}],"predecessor-version":[{"id":2265,"href":"https:\/\/mareeba.pl\/site\/index.php?rest_route=\/wp\/v2\/pages\/20\/revisions\/2265"}],"wp:attachment":[{"href":"https:\/\/mareeba.pl\/site\/index.php?rest_route=%2Fwp%2Fv2%2Fmedia&parent=20"}],"curies":[{"name":"wp","href":"https:\/\/api.w.org\/{rel}","templated":true}]}}